{"id":7880,"date":"2024-04-09T13:32:14","date_gmt":"2024-04-09T13:32:14","guid":{"rendered":"https:\/\/mhondoro.com\/?page_id=7880"},"modified":"2026-04-23T06:55:53","modified_gmt":"2026-04-23T06:55:53","slug":"contact","status":"publish","type":"page","link":"http:\/\/mhondoro.com\/fr\/contact\/","title":{"rendered":"Contact"},"content":{"rendered":"<div data-elementor-type=\"wp-page\" data-elementor-id=\"7880\" class=\"elementor elementor-7880\" data-elementor-post-type=\"page\">\n\t\t\t\t<div data-particle_enable=\"false\" data-particle-mobile-disabled=\"false\" class=\"elementor-element elementor-element-5c01da9 e-flex e-con-boxed e-con e-parent\" data-id=\"5c01da9\" data-element_type=\"container\" data-settings=\"{&quot;background_background&quot;:&quot;classic&quot;,&quot;_ob_use_container_extras&quot;:&quot;no&quot;,&quot;_ob_column_hoveranimator&quot;:&quot;no&quot;,&quot;_ob_glider_is_slider&quot;:&quot;no&quot;,&quot;_ob_column_has_pseudo&quot;:&quot;no&quot;}\">\n\t\t\t\t\t<div class=\"e-con-inner\">\n\t\t\t\t<div class=\"elementor-element elementor-element-558614d ob-harakiri-inherit ob-has-background-overlay elementor-widget elementor-widget-heading\" data-id=\"558614d\" data-element_type=\"widget\" data-settings=\"{&quot;_ob_use_harakiri&quot;:&quot;yes&quot;,&quot;_ob_harakiri_writing_mode&quot;:&quot;inherit&quot;,&quot;_ob_harakiri_text_clip&quot;:&quot;none&quot;,&quot;_ob_widget_stalker_use&quot;:&quot;no&quot;,&quot;_ob_poopart_use&quot;:&quot;yes&quot;,&quot;_ob_shadough_use&quot;:&quot;no&quot;,&quot;_ob_allow_hoveranimator&quot;:&quot;no&quot;}\" data-widget_type=\"heading.default\">\n\t\t\t\t<div class=\"elementor-widget-container\">\n\t\t\t<h1 class=\"elementor-heading-title elementor-size-default\">CONTACT<\/h1>\t\t<\/div>\n\t\t\t\t<\/div>\n\t\t<div data-particle_enable=\"false\" data-particle-mobile-disabled=\"false\" class=\"elementor-element elementor-element-d626a1e e-con-full e-flex e-con e-child\" data-id=\"d626a1e\" data-element_type=\"container\" data-settings=\"{&quot;background_background&quot;:&quot;classic&quot;,&quot;_ob_use_container_extras&quot;:&quot;no&quot;,&quot;_ob_column_hoveranimator&quot;:&quot;no&quot;,&quot;_ob_glider_is_slider&quot;:&quot;no&quot;,&quot;_ob_column_has_pseudo&quot;:&quot;no&quot;}\">\n\t\t\t\t<div class=\"elementor-element elementor-element-73a823f ob-harakiri-inherit ob-has-background-overlay elementor-widget elementor-widget-heading\" data-id=\"73a823f\" data-element_type=\"widget\" data-settings=\"{&quot;_ob_use_harakiri&quot;:&quot;yes&quot;,&quot;_ob_harakiri_writing_mode&quot;:&quot;inherit&quot;,&quot;_ob_harakiri_text_clip&quot;:&quot;none&quot;,&quot;_ob_widget_stalker_use&quot;:&quot;no&quot;,&quot;_ob_poopart_use&quot;:&quot;yes&quot;,&quot;_ob_shadough_use&quot;:&quot;no&quot;,&quot;_ob_allow_hoveranimator&quot;:&quot;no&quot;}\" data-widget_type=\"heading.default\">\n\t\t\t\t<div class=\"elementor-widget-container\">\n\t\t\t<h2 class=\"elementor-heading-title elementor-size-default\">DEMANDE DE DEVIS OU QUESTIONS ?<\/h2>\t\t<\/div>\n\t\t\t\t<\/div>\n\t\t\t\t<div class=\"elementor-element elementor-element-683b6d9 elementor-button-align-center ob-has-background-overlay elementor-widget elementor-widget-form\" data-id=\"683b6d9\" data-element_type=\"widget\" data-settings=\"{&quot;step_next_label&quot;:&quot;Next&quot;,&quot;step_previous_label&quot;:&quot;Previous&quot;,&quot;button_width&quot;:&quot;100&quot;,&quot;step_type&quot;:&quot;number_text&quot;,&quot;step_icon_shape&quot;:&quot;circle&quot;,&quot;_ob_widget_stalker_use&quot;:&quot;no&quot;,&quot;_ob_poopart_use&quot;:&quot;yes&quot;,&quot;_ob_shadough_use&quot;:&quot;no&quot;,&quot;_ob_allow_hoveranimator&quot;:&quot;no&quot;}\" data-widget_type=\"form.default\">\n\t\t\t\t<div class=\"elementor-widget-container\">\n\t\t\t\t\t<form class=\"elementor-form\" method=\"post\" name=\"Contact Page\" action=\"\">\n\t\t\t<input type=\"hidden\" name=\"post_id\" value=\"7880\"\/>\n\t\t\t<input type=\"hidden\" name=\"form_id\" value=\"683b6d9\"\/>\n\t\t\t<input type=\"hidden\" name=\"referer_title\" value=\"Mhondoro Safari Lodge and Villa\" \/>\n\n\t\t\t\n\t\t\t<div class=\"elementor-form-fields-wrapper elementor-labels-\">\n\t\t\t\t\t\t\t\t<div class=\"elementor-field-type-text elementor-field-group elementor-column elementor-field-group-name elementor-col-50\">\n\t\t\t\t\t\t\t\t\t\t\t\t<label for=\"form-field-name\" class=\"elementor-field-label elementor-screen-only\">\n\t\t\t\t\t\t\t\tNom\t\t\t\t\t\t\t<\/label>\n\t\t\t\t\t\t\t\t\t\t\t\t\t\t<input size=\"1\" type=\"text\" name=\"form_fields[name]\" id=\"form-field-name\" class=\"elementor-field elementor-size-sm  elementor-field-textual\" placeholder=\"Votre nom *\">\n\t\t\t\t\t\t\t\t\t\t\t<\/div>\n\t\t\t\t\t\t\t\t<div class=\"elementor-field-type-email elementor-field-group elementor-column elementor-field-group-email elementor-col-50 elementor-field-required\">\n\t\t\t\t\t\t\t\t\t\t\t\t<label for=\"form-field-email\" class=\"elementor-field-label elementor-screen-only\">\n\t\t\t\t\t\t\t\tCourriel\t\t\t\t\t\t\t<\/label>\n\t\t\t\t\t\t\t\t\t\t\t\t\t\t<input size=\"1\" type=\"email\" name=\"form_fields[email]\" id=\"form-field-email\" class=\"elementor-field elementor-size-sm  elementor-field-textual\" placeholder=\"Votre email *\" required=\"required\" aria-required=\"true\">\n\t\t\t\t\t\t\t\t\t\t\t<\/div>\n\t\t\t\t\t\t\t\t<div class=\"elementor-field-type-text elementor-field-group elementor-column elementor-field-group-field_c31ca03 elementor-col-50\">\n\t\t\t\t\t\t\t\t\t\t\t\t<label for=\"form-field-field_c31ca03\" class=\"elementor-field-label elementor-screen-only\">\n\t\t\t\t\t\t\t\tT\u00e9l\u00e9phone\t\t\t\t\t\t\t<\/label>\n\t\t\t\t\t\t\t\t\t\t\t\t\t\t<input size=\"1\" type=\"text\" name=\"form_fields[field_c31ca03]\" id=\"form-field-field_c31ca03\" class=\"elementor-field elementor-size-sm  elementor-field-textual\" placeholder=\"+31 6 12 34 56 78\">\n\t\t\t\t\t\t\t\t\t\t\t<\/div>\n\t\t\t\t\t\t\t\t<div class=\"elementor-field-type-select elementor-field-group elementor-column elementor-field-group-field_2243c4c elementor-col-50\">\n\t\t\t\t\t\t\t\t\t\t\t\t<label for=\"form-field-field_2243c4c\" class=\"elementor-field-label elementor-screen-only\">\n\t\t\t\t\t\t\t\tListe d\u00e9roulante\t\t\t\t\t\t\t<\/label>\n\t\t\t\t\t\t\t\t<div class=\"elementor-field elementor-select-wrapper remove-before\">\n\t\t\t<div class=\"select-caret-down-wrapper\">\n\t\t\t\t<i aria-hidden=\"true\" class=\"eicon-caret-down\"><\/i>\t\t\t<\/div>\n\t\t\t<select name=\"form_fields[field_2243c4c]\" id=\"form-field-field_2243c4c\" class=\"elementor-field-textual elementor-size-sm\">\n\t\t\t\t\t\t\t\t\t<option value=\"Choose Suite or Villa....\">Choisir Suite ou Villa....<\/option>\n\t\t\t\t\t\t\t\t\t<option value=\"Luxury Pool Suite\">Suite de luxe avec piscine<\/option>\n\t\t\t\t\t\t\t\t\t<option value=\"Honeymoon Suite\">Suite lune de miel<\/option>\n\t\t\t\t\t\t\t\t\t<option value=\"Executive Suite\">Suite ex\u00e9cutive<\/option>\n\t\t\t\t\t\t\t\t\t<option value=\"Family Suite\">Suite familiale<\/option>\n\t\t\t\t\t\t\t\t\t<option value=\"Family Suite Deluxe\">Suite familiale de luxe<\/option>\n\t\t\t\t\t\t\t\t\t<option value=\"Mhondoro Villa\">Villa Mhondoro<\/option>\n\t\t\t\t\t\t\t<\/select>\n\t\t<\/div>\n\t\t\t\t\t\t<\/div>\n\t\t\t\t\t\t\t\t<div class=\"elementor-field-type-textarea elementor-field-group elementor-column elementor-field-group-message elementor-col-100\">\n\t\t\t\t\t\t\t\t\t\t\t\t<label for=\"form-field-message\" class=\"elementor-field-label elementor-screen-only\">\n\t\t\t\t\t\t\t\tQuestions\t\t\t\t\t\t\t<\/label>\n\t\t\t\t\t\t<textarea class=\"elementor-field-textual elementor-field  elementor-size-sm\" name=\"form_fields[message]\" id=\"form-field-message\" rows=\"4\" placeholder=\"Type your questions or comments here\"><\/textarea>\t\t\t\t<\/div>\n\t\t\t\t\t\t\t\t<div class=\"elementor-field-type-text\">\n\t\t\t\t\t<input size=\"1\" type=\"text\" name=\"form_fields[field_e7fa021]\" id=\"form-field-field_e7fa021\" class=\"elementor-field elementor-size-sm\" style=\"display:none !important;\">\t\t\t\t<\/div>\n\t\t\t\t\t\t\t\t<div class=\"elementor-field-type-recaptcha_v3 elementor-field-group elementor-column elementor-field-group-field_6028ecb elementor-col-100 recaptcha_v3-bottomright\">\n\t\t\t\t\t<div class=\"elementor-field\" id=\"form-field-field_6028ecb\"><div class=\"elementor-g-recaptcha\" data-sitekey=\"6LefbkwqAAAAADvzSzzyIwc1ravACBOFo7jjE23q\" data-type=\"v3\" data-action=\"Form\" data-badge=\"bottomright\" data-size=\"invisible\"><\/div><\/div>\t\t\t\t<\/div>\n\t\t\t\t\t\t\t\t<div class=\"elementor-field-type-hidden elementor-field-group elementor-column elementor-field-group-field_8a26400 elementor-col-100\">\n\t\t\t\t\t\t\t\t\t\t\t\t\t<input size=\"1\" type=\"hidden\" name=\"form_fields[field_8a26400]\" id=\"form-field-field_8a26400\" class=\"elementor-field elementor-size-sm  elementor-field-textual\" value=\"{utm_event_tracker:utm_source}\">\n\t\t\t\t\t\t\t\t\t\t\t<\/div>\n\t\t\t\t\t\t\t\t<div class=\"elementor-field-type-hidden elementor-field-group elementor-column elementor-field-group-field_1a53bfb elementor-col-100\">\n\t\t\t\t\t\t\t\t\t\t\t\t\t<input size=\"1\" type=\"hidden\" name=\"form_fields[field_1a53bfb]\" id=\"form-field-field_1a53bfb\" class=\"elementor-field elementor-size-sm  elementor-field-textual\" value=\"{utm_event_tracker:utm_medium}\">\n\t\t\t\t\t\t\t\t\t\t\t<\/div>\n\t\t\t\t\t\t\t\t<div class=\"elementor-field-type-hidden elementor-field-group elementor-column elementor-field-group-field_b6c3608 elementor-col-100\">\n\t\t\t\t\t\t\t\t\t\t\t\t\t<input size=\"1\" type=\"hidden\" name=\"form_fields[field_b6c3608]\" id=\"form-field-field_b6c3608\" class=\"elementor-field elementor-size-sm  elementor-field-textual\" value=\"{utm_event_tracker:utm_campaign}\">\n\t\t\t\t\t\t\t\t\t\t\t<\/div>\n\t\t\t\t\t\t\t\t<div class=\"elementor-field-type-hidden elementor-field-group elementor-column elementor-field-group-field_6a54ae7 elementor-col-100\">\n\t\t\t\t\t\t\t\t\t\t\t\t\t<input size=\"1\" type=\"hidden\" name=\"form_fields[field_6a54ae7]\" id=\"form-field-field_6a54ae7\" class=\"elementor-field elementor-size-sm  elementor-field-textual\" value=\"{utm_event_tracker:utm_term}\">\n\t\t\t\t\t\t\t\t\t\t\t<\/div>\n\t\t\t\t\t\t\t\t<div class=\"elementor-field-type-hidden elementor-field-group elementor-column elementor-field-group-field_ac18276 elementor-col-100\">\n\t\t\t\t\t\t\t\t\t\t\t\t\t<input size=\"1\" type=\"hidden\" name=\"form_fields[field_ac18276]\" id=\"form-field-field_ac18276\" class=\"elementor-field elementor-size-sm  elementor-field-textual\" value=\"{utm_event_tracker:utm_content}\">\n\t\t\t\t\t\t\t\t\t\t\t<\/div>\n\t\t\t\t\t\t\t\t<div class=\"elementor-field-type-hidden elementor-field-group elementor-column elementor-field-group-field_84517ed elementor-col-100\">\n\t\t\t\t\t\t\t\t\t\t\t\t\t<input size=\"1\" type=\"hidden\" name=\"form_fields[field_84517ed]\" id=\"form-field-field_84517ed\" class=\"elementor-field elementor-size-sm  elementor-field-textual\" value=\"{utm_event_tracker:landing_page}\">\n\t\t\t\t\t\t\t\t\t\t\t<\/div>\n\t\t\t\t\t\t\t\t<div class=\"elementor-field-type-hidden elementor-field-group elementor-column elementor-field-group-field_84cb33a elementor-col-100\">\n\t\t\t\t\t\t\t\t\t\t\t\t\t<input size=\"1\" type=\"hidden\" name=\"form_fields[field_84cb33a]\" id=\"form-field-field_84cb33a\" class=\"elementor-field elementor-size-sm  elementor-field-textual\" value=\"{utm_event_tracker:ip_address}\">\n\t\t\t\t\t\t\t\t\t\t\t<\/div>\n\t\t\t\t\t\t\t\t<div class=\"elementor-field-type-hidden elementor-field-group elementor-column elementor-field-group-field_c4cd013 elementor-col-100\">\n\t\t\t\t\t\t\t\t\t\t\t\t\t<input size=\"1\" type=\"hidden\" name=\"form_fields[field_c4cd013]\" id=\"form-field-field_c4cd013\" class=\"elementor-field elementor-size-sm  elementor-field-textual\" value=\"{utm_event_tracker:tracking_time}\">\n\t\t\t\t\t\t\t\t\t\t\t<\/div>\n\t\t\t\t\t\t\t\t<div class=\"elementor-field-type-hidden elementor-field-group elementor-column elementor-field-group-field_7be7a95 elementor-col-100\">\n\t\t\t\t\t\t\t\t\t\t\t\t\t<input size=\"1\" type=\"hidden\" name=\"form_fields[field_7be7a95]\" id=\"form-field-field_7be7a95\" class=\"elementor-field elementor-size-sm  elementor-field-textual\">\n\t\t\t\t\t\t\t\t\t\t\t<\/div>\n\t\t\t\t\t\t\t\t<div class=\"elementor-field-group elementor-column elementor-field-type-submit elementor-col-100 e-form__buttons\">\n\t\t\t\t\t<button class=\"elementor-button elementor-size-sm\" type=\"submit\">\n\t\t\t\t\t\t<span class=\"elementor-button-content-wrapper\">\n\t\t\t\t\t\t\t\t\t\t\t\t\t\t\t\t\t\t\t\t\t\t<span class=\"elementor-button-text\">Envoyez votre message<\/span>\n\t\t\t\t\t\t\t\t\t\t\t\t\t<\/span>\n\t\t\t\t\t<\/button>\n\t\t\t\t<\/div>\n\t\t\t<\/div>\n\t\t<input type=\"hidden\" name=\"trp-form-language\" value=\"fr\"\/><\/form>\n\t\t\t\t<\/div>\n\t\t\t\t<\/div>\n\t\t\t\t<div class=\"elementor-element elementor-element-184ea00 ob-harakiri-inherit ob-has-background-overlay elementor-widget elementor-widget-text-editor\" data-id=\"184ea00\" data-element_type=\"widget\" data-settings=\"{&quot;_ob_use_harakiri&quot;:&quot;yes&quot;,&quot;_ob_harakiri_writing_mode&quot;:&quot;inherit&quot;,&quot;_ob_postman_use&quot;:&quot;no&quot;,&quot;_ob_widget_stalker_use&quot;:&quot;no&quot;,&quot;_ob_poopart_use&quot;:&quot;yes&quot;,&quot;_ob_shadough_use&quot;:&quot;no&quot;,&quot;_ob_allow_hoveranimator&quot;:&quot;no&quot;}\" data-widget_type=\"text-editor.default\">\n\t\t\t\t<div class=\"elementor-widget-container\">\n\t\t\t\t\t\t\t<p>ou nous envoyer un courriel : <a href=\"mailto:res@mhondoro.com\">res@mhondoro.com<\/a> || Appelez-nous : <a href=\"tel:+27 87 150 2314\">+27 87 150 2314<\/a><\/p>\t\t\t\t\t\t<\/div>\n\t\t\t\t<\/div>\n\t\t\t\t<\/div>\n\t\t\t\t\t<\/div>\n\t\t\t\t<\/div>\n\t\t\t\t<\/div>","protected":false},"excerpt":{"rendered":"<p>CONTACT REQUEST QUOTATION OR QUESTIONS? or email us: res@mhondoro.com || call us: +27 87 150 2314<\/p>","protected":false},"author":1,"featured_media":0,"parent":0,"menu_order":0,"comment_status":"closed","ping_status":"closed","template":"elementor_header_footer","meta":{"footnotes":""},"class_list":["post-7880","page","type-page","status-publish","hentry"],"acf":[],"yoast_head":"<!-- This site is optimized with the Yoast SEO plugin v25.7 - https:\/\/yoast.com\/wordpress\/plugins\/seo\/ -->\n<title>Contact - Mhondoro Safari Lodge and Villa<\/title>\n<meta name=\"description\" content=\"Mhondoro Safari Lodge &amp; Villa is a luxurious, five-star private safari lodge situated within the Welgevonden Game Reserve. Contact us!\" \/>\n<meta name=\"robots\" content=\"index, follow, max-snippet:-1, max-image-preview:large, max-video-preview:-1\" \/>\n<link rel=\"canonical\" href=\"https:\/\/mhondoro.com\/fr\/contact\/\" \/>\n<meta property=\"og:locale\" content=\"fr_FR\" \/>\n<meta property=\"og:type\" content=\"article\" \/>\n<meta property=\"og:title\" content=\"Contact - Mhondoro Safari Lodge and Villa\" \/>\n<meta property=\"og:description\" content=\"Mhondoro Safari Lodge &amp; Villa is a luxurious, five-star private safari lodge situated within the Welgevonden Game Reserve. Contact us!\" \/>\n<meta property=\"og:url\" content=\"https:\/\/mhondoro.com\/fr\/contact\/\" \/>\n<meta property=\"og:site_name\" content=\"Mhondoro Safari Lodge and Villa\" \/>\n<meta property=\"article:publisher\" content=\"https:\/\/www.facebook.com\/mhondorosafarilodgeandvilla\" \/>\n<meta property=\"article:modified_time\" content=\"2026-04-23T06:55:53+00:00\" \/>\n<meta name=\"twitter:card\" content=\"summary_large_image\" \/>\n<meta name=\"twitter:label1\" content=\"Dur\u00e9e de lecture estim\u00e9e\" \/>\n\t<meta name=\"twitter:data1\" content=\"1 minute\" \/>\n<script type=\"application\/ld+json\" class=\"yoast-schema-graph\">{\"@context\":\"https:\/\/schema.org\",\"@graph\":[{\"@type\":\"WebPage\",\"@id\":\"https:\/\/mhondoro.com\/contact\/\",\"url\":\"https:\/\/mhondoro.com\/contact\/\",\"name\":\"Contact - Mhondoro Safari Lodge and Villa\",\"isPartOf\":{\"@id\":\"https:\/\/mhondoro.com\/#website\"},\"datePublished\":\"2024-04-09T13:32:14+00:00\",\"dateModified\":\"2026-04-23T06:55:53+00:00\",\"description\":\"Mhondoro Safari Lodge & Villa is a luxurious, five-star private safari lodge situated within the Welgevonden Game Reserve. Contact us!\",\"breadcrumb\":{\"@id\":\"https:\/\/mhondoro.com\/contact\/#breadcrumb\"},\"inLanguage\":\"fr-FR\",\"potentialAction\":[{\"@type\":\"ReadAction\",\"target\":[\"https:\/\/mhondoro.com\/contact\/\"]}]},{\"@type\":\"BreadcrumbList\",\"@id\":\"https:\/\/mhondoro.com\/contact\/#breadcrumb\",\"itemListElement\":[{\"@type\":\"ListItem\",\"position\":1,\"name\":\"Mhondoro\",\"item\":\"https:\/\/mhondoro.com\/\"},{\"@type\":\"ListItem\",\"position\":2,\"name\":\"Contact\"}]},{\"@type\":\"WebSite\",\"@id\":\"https:\/\/mhondoro.com\/#website\",\"url\":\"https:\/\/mhondoro.com\/\",\"name\":\"Mhondoro Safari Lodge and Villa\",\"description\":\"Luxury Safari Lodge in Welgevonden, South Africa\",\"publisher\":{\"@id\":\"https:\/\/mhondoro.com\/#organization\"},\"alternateName\":\"Mhondoro\",\"potentialAction\":[{\"@type\":\"SearchAction\",\"target\":{\"@type\":\"EntryPoint\",\"urlTemplate\":\"https:\/\/mhondoro.com\/?s={search_term_string}\"},\"query-input\":{\"@type\":\"PropertyValueSpecification\",\"valueRequired\":true,\"valueName\":\"search_term_string\"}}],\"inLanguage\":\"fr-FR\"},{\"@type\":\"Organization\",\"@id\":\"https:\/\/mhondoro.com\/#organization\",\"name\":\"Mhondoro Safari Lodge and Villa\",\"url\":\"https:\/\/mhondoro.com\/\",\"logo\":{\"@type\":\"ImageObject\",\"inLanguage\":\"fr-FR\",\"@id\":\"https:\/\/mhondoro.com\/#\/schema\/logo\/image\/\",\"url\":\"https:\/\/mhondoro.com\/wp-content\/uploads\/2023\/04\/logo-mhondoro-safari-lodge-logo-black-circle.png\",\"contentUrl\":\"https:\/\/mhondoro.com\/wp-content\/uploads\/2023\/04\/logo-mhondoro-safari-lodge-logo-black-circle.png\",\"width\":1100,\"height\":1100,\"caption\":\"Mhondoro Safari Lodge and Villa\"},\"image\":{\"@id\":\"https:\/\/mhondoro.com\/#\/schema\/logo\/image\/\"},\"sameAs\":[\"https:\/\/www.facebook.com\/mhondorosafarilodgeandvilla\",\"https:\/\/www.instagram.com\/mhondorosafarilodgeandvilla\/\"]}]}<\/script>\n<!-- \/ Yoast SEO plugin. -->","yoast_head_json":{"title":"Contact - Mhondoro Safari Lodge and Villa","description":"Mhondoro Safari Lodge &amp; Villa est un luxueux safari lodge priv\u00e9 cinq \u00e9toiles situ\u00e9 dans la r\u00e9serve de Welgevonden. Contactez nous !","robots":{"index":"index","follow":"follow","max-snippet":"max-snippet:-1","max-image-preview":"max-image-preview:large","max-video-preview":"max-video-preview:-1"},"canonical":"https:\/\/mhondoro.com\/fr\/contact\/","og_locale":"fr_FR","og_type":"article","og_title":"Contact - Mhondoro Safari Lodge and Villa","og_description":"Mhondoro Safari Lodge & Villa is a luxurious, five-star private safari lodge situated within the Welgevonden Game Reserve. Contact us!","og_url":"https:\/\/mhondoro.com\/fr\/contact\/","og_site_name":"Mhondoro Safari Lodge and Villa","article_publisher":"https:\/\/www.facebook.com\/mhondorosafarilodgeandvilla","article_modified_time":"2026-04-23T06:55:53+00:00","twitter_card":"summary_large_image","twitter_misc":{"Dur\u00e9e de lecture estim\u00e9e":"1 minute"},"schema":{"@context":"https:\/\/schema.org","@graph":[{"@type":"WebPage","@id":"https:\/\/mhondoro.com\/contact\/","url":"https:\/\/mhondoro.com\/contact\/","name":"Contact - Mhondoro Safari Lodge and Villa","isPartOf":{"@id":"https:\/\/mhondoro.com\/#website"},"datePublished":"2024-04-09T13:32:14+00:00","dateModified":"2026-04-23T06:55:53+00:00","description":"Mhondoro Safari Lodge &amp; Villa est un luxueux safari lodge priv\u00e9 cinq \u00e9toiles situ\u00e9 dans la r\u00e9serve de Welgevonden. Contactez nous !","breadcrumb":{"@id":"https:\/\/mhondoro.com\/contact\/#breadcrumb"},"inLanguage":"fr-FR","potentialAction":[{"@type":"ReadAction","target":["https:\/\/mhondoro.com\/contact\/"]}]},{"@type":"BreadcrumbList","@id":"https:\/\/mhondoro.com\/contact\/#breadcrumb","itemListElement":[{"@type":"ListItem","position":1,"name":"Mhondoro","item":"https:\/\/mhondoro.com\/"},{"@type":"ListItem","position":2,"name":"Contact"}]},{"@type":"WebSite","@id":"https:\/\/mhondoro.com\/#website","url":"https:\/\/mhondoro.com\/","name":"Mhondoro Safari Lodge et Villa","description":"Luxury Safari Lodge \u00e0 Welgevonden, Afrique du Sud","publisher":{"@id":"https:\/\/mhondoro.com\/#organization"},"alternateName":"Mhondoro","potentialAction":[{"@type":"SearchAction","target":{"@type":"EntryPoint","urlTemplate":"https:\/\/mhondoro.com\/?s={search_term_string}"},"query-input":{"@type":"PropertyValueSpecification","valueRequired":true,"valueName":"search_term_string"}}],"inLanguage":"fr-FR"},{"@type":"Organization","@id":"https:\/\/mhondoro.com\/#organization","name":"Mhondoro Safari Lodge et Villa","url":"https:\/\/mhondoro.com\/","logo":{"@type":"ImageObject","inLanguage":"fr-FR","@id":"https:\/\/mhondoro.com\/#\/schema\/logo\/image\/","url":"https:\/\/mhondoro.com\/wp-content\/uploads\/2023\/04\/logo-mhondoro-safari-lodge-logo-black-circle.png","contentUrl":"https:\/\/mhondoro.com\/wp-content\/uploads\/2023\/04\/logo-mhondoro-safari-lodge-logo-black-circle.png","width":1100,"height":1100,"caption":"Mhondoro Safari Lodge and Villa"},"image":{"@id":"https:\/\/mhondoro.com\/#\/schema\/logo\/image\/"},"sameAs":["https:\/\/www.facebook.com\/mhondorosafarilodgeandvilla","https:\/\/www.instagram.com\/mhondorosafarilodgeandvilla\/"]}]}},"_links":{"self":[{"href":"http:\/\/mhondoro.com\/fr\/wp-json\/wp\/v2\/pages\/7880","targetHints":{"allow":["GET"]}}],"collection":[{"href":"http:\/\/mhondoro.com\/fr\/wp-json\/wp\/v2\/pages"}],"about":[{"href":"http:\/\/mhondoro.com\/fr\/wp-json\/wp\/v2\/types\/page"}],"author":[{"embeddable":true,"href":"http:\/\/mhondoro.com\/fr\/wp-json\/wp\/v2\/users\/1"}],"replies":[{"embeddable":true,"href":"http:\/\/mhondoro.com\/fr\/wp-json\/wp\/v2\/comments?post=7880"}],"version-history":[{"count":0,"href":"http:\/\/mhondoro.com\/fr\/wp-json\/wp\/v2\/pages\/7880\/revisions"}],"wp:attachment":[{"href":"http:\/\/mhondoro.com\/fr\/wp-json\/wp\/v2\/media?parent=7880"}],"curies":[{"name":"wp","href":"https:\/\/api.w.org\/{rel}","templated":true}]}}